{"id":24,"date":"2021-05-22T08:39:50","date_gmt":"2021-05-22T01:39:50","guid":{"rendered":"http:\/\/bds.toptheme.info\/?page_id=24"},"modified":"2021-05-22T08:39:50","modified_gmt":"2021-05-22T01:39:50","slug":"lien-he","status":"publish","type":"page","link":"https:\/\/mauweb.tamnguyen.vn\/bds25\/lien-he\/","title":{"rendered":"Li\u00ean h\u1ec7"},"content":{"rendered":"\t<section class=\"section lien-he-section\" id=\"section_742912963\">\n\t\t<div class=\"bg section-bg fill bg-fill  bg-loaded\" >\n\n\t\t\t\n\t\t\t\n\t\t\t\n\n\t\t<\/div>\n\n\t\t\n\n\t\t<div class=\"section-content relative\">\n\t\t\t\n<div class=\"row row-collapse\" style=\"max-width:1060px\" id=\"row-828378720\">\n\n\t<div id=\"col-413287366\" class=\"col medium-4 small-12 large-4\"  >\n\t\t\t\t<div class=\"col-inner\"  >\n\t\t\t\n\t\t\t\n<div class=\"container section-title-container\" ><h2 class=\"section-title section-title-normal\"><b><\/b><span class=\"section-title-main\" >Li\u00ean h\u1ec7<\/span><b><\/b><\/h2><\/div>\n\t<div id=\"gap-353057298\" class=\"gap-element clearfix\" style=\"display:block; height:auto;\">\n\t\t\n<style>\n#gap-353057298 {\n  padding-top: 30px;\n}\n<\/style>\n\t<\/div>\n\t\n<div class=\"box-contact\">\n<p>Email: <a href=\"mailto:info@dongtayland.vn\"><strong>info@dongtayland.vn<\/strong><\/a><\/p>\n<p>Website: <a href=\"https:\/\/dongtayland.vn\"><strong>www.dongtayland.vn<\/strong><\/a><\/p>\n<p>Hotline: <strong><a href=\"tel:0977487777\">0977 48 7777<\/a> (Kinh doanh)<\/strong><\/p>\n<p>Hotline: <strong><a href=\"tel:0931129988\">093 112 99 88<\/a> (Tuy\u1ec3n d\u1ee5ng)<\/strong><\/p>\n<\/div>\n\t\t<\/div>\n\t\t\t\t\t<\/div>\n\n\t\n\n\t<div id=\"col-1997612561\" class=\"col medium-8 small-12 large-8\"  >\n\t\t\t\t<div class=\"col-inner\"  >\n\t\t\t\n\t\t\t\n<p><iframe loading=\"lazy\" style=\"border: 0;\" src=\"https:\/\/www.google.com\/maps\/embed?pb=!1m18!1m12!1m3!1d3919.2735814674143!2d106.72786861526052!3d10.790346061886078!2m3!1f0!2f0!3f0!3m2!1i1024!2i768!4f13.1!3m3!1m2!1s0x31752772871db05d%3A0xd35696dd35e65cc!2zQ8O0bmcgdHkgxJDDtG5nIFTDonkgTGFuZA!5e0!3m2!1sen!2s!4v1621858243541!5m2!1sen!2s\" width=\"100%\" height=\"350\" allowfullscreen=\"allowfullscreen\"><\/iframe><\/p>\n<p><span style=\"font-size: 85%;\">Tr\u1ee5 s\u1edf: \u0110\u00f4ng T\u00e2y Building &#8211; 192 Tr\u1ea7n N\u00e3o, P. B\u00ecnh An, Q.2, Tp. H\u1ed3 Ch\u00ed Minh<\/span><\/p>\n<p><span style=\"font-size: 85%;\">Chi nh\u00e1nh: T\u1ea7ng 4 Vincom Mega Mall Th\u1ea3o \u0110i\u1ec1n, 161 Xa l\u1ed9 H\u00e0 N\u1ed9i, Q2, Tp. H\u1ed3 Ch\u00ed Minh<\/span><\/p>\n<p><span style=\"font-size: 85%;\">VP H\u00e0 N\u1ed9i: T\u1ea7ng 5 Zen Tower &#8211; 12 Khu\u1ea5t Duy Ti\u1ebfn, Thanh Xu\u00e2n, H\u00e0 N\u1ed9i<\/span><\/p>\n\t\t<\/div>\n\t\t\t\t\t<\/div>\n\n\t\n<\/div>\n\t\t<\/div>\n\n\t\t\n<style>\n#section_742912963 {\n  padding-top: 78px;\n  padding-bottom: 78px;\n  background-color: rgb(237, 242, 246);\n}\n#section_742912963 .ux-shape-divider--top svg {\n  height: 150px;\n  --divider-top-width: 100%;\n}\n#section_742912963 .ux-shape-divider--bottom svg {\n  height: 150px;\n  --divider-width: 100%;\n}\n<\/style>\n\t<\/section>\n\t\n\t<section class=\"section contact-form-section\" id=\"section_2068464319\">\n\t\t<div class=\"bg section-bg fill bg-fill  bg-loaded\" >\n\n\t\t\t\n\t\t\t\n\t\t\t\n\n\t\t<\/div>\n\n\t\t\n\n\t\t<div class=\"section-content relative\">\n\t\t\t\n<div class=\"row\" style=\"max-width:1060px\" id=\"row-1011894814\">\n\n\t<div id=\"col-1855619316\" class=\"col small-12 large-12\"  >\n\t\t\t\t<div class=\"col-inner\"  >\n\t\t\t\n\t\t\t\n<h2><span style=\"font-size: 140%; color: #333333;\">Li\u00ean h\u1ec7 ngay v\u1edbi ch\u00fang t\u00f4i \u0111\u1ec3<br \/>\n\u0111\u01b0\u1ee3c t\u01b0 v\u1ea5n v\u00e0 h\u1ed7 tr\u1ee3 t\u1ed1t nh\u1ea5t<\/span><\/h2>\n<div role=\"form\" class=\"wpcf7\" id=\"wpcf7-f816-o1\" lang=\"vi\" dir=\"ltr\">\n<div class=\"screen-reader-response\"><p role=\"status\" aria-live=\"polite\" aria-atomic=\"true\"><\/p> <ul><\/ul><\/div>\n<form action=\"\/bds25\/wp-json\/wp\/v2\/pages\/24#wpcf7-f816-o1\" method=\"post\" class=\"wpcf7-form init\" novalidate=\"novalidate\" data-status=\"init\">\n<div style=\"display: none;\">\n<input type=\"hidden\" name=\"_wpcf7\" value=\"816\" \/>\n<input type=\"hidden\" name=\"_wpcf7_version\" value=\"5.6.2\" \/>\n<input type=\"hidden\" name=\"_wpcf7_locale\" value=\"vi\" \/>\n<input type=\"hidden\" name=\"_wpcf7_unit_tag\" value=\"wpcf7-f816-o1\" \/>\n<input type=\"hidden\" name=\"_wpcf7_container_post\" value=\"0\" \/>\n<input type=\"hidden\" name=\"_wpcf7_posted_data_hash\" value=\"\" \/>\n<\/div>\n<div class=\"form-lien-he\">\n<div class=\"row-info\">\n<div class=\"left\">\n<label>Nh\u1eadp n\u1ed9i dung<\/label><br \/>\n<span class=\"wpcf7-form-control-wrap\" data-name=\"textarea-315\"><textarea name=\"textarea-315\" cols=\"40\" rows=\"10\" class=\"wpcf7-form-control wpcf7-textarea\" aria-invalid=\"false\" placeholder=\"H\u00e3y chia s\u1ebb v\u1edbi ch\u00fang t\u00f4i...\"><\/textarea><\/span><\/p>\n<p class=\"des\">Ngo\u00e0i h\u1ecd t\u00ean (*), s\u1ed1 \u0111i\u1ec7n tho\u1ea1i l\u00e0 tr\u01b0\u1eddng b\u1eaft bu\u1ed9c.<br\/>Ch\u00fang t\u00f4i tuy\u1ec7t \u0111\u1ed1i t\u00f4n tr\u1ecdng quy\u1ec1n ri\u00eang t\u01b0 c\u1ee7a kh\u00e1ch h\u00e0ng. Ch\u00fang t\u00f4i kh\u00f4ng c\u00f4ng khai ho\u1eb7c s\u1eed d\u1ee5ng th\u00f4ng tin li\u00ean l\u1ea1c cho m\u1ee5c \u0111\u00edch kh\u00e1c.<\/p>\n<\/div>\n<div class=\"right\">\n<div class=\"box\">\n<label>H\u1ecd t\u00ean<\/label><br \/>\n<span class=\"wpcf7-form-control-wrap\" data-name=\"text-731\"><input type=\"text\" name=\"text-731\" value=\"\" size=\"40\" class=\"wpcf7-form-control wpcf7-text wpcf7-validates-as-required\" aria-required=\"true\" aria-invalid=\"false\" placeholder=\"H\u1ecd v\u00e0 t\u00ean...\" \/><\/span><br \/>\n<label>S\u1ed1 \u0111i\u1ec7n tho\u1ea1i<\/label><br \/>\n<span class=\"wpcf7-form-control-wrap\" data-name=\"tel-160\"><input type=\"tel\" name=\"tel-160\" value=\"\" size=\"40\" class=\"wpcf7-form-control wpcf7-text wpcf7-tel wpcf7-validates-as-required wpcf7-validates-as-tel\" aria-required=\"true\" aria-invalid=\"false\" placeholder=\"S\u1ed1 \u0111i\u1ec7n tho\u1ea1i...\" \/><\/span><br \/>\n<label>\u0110\u1ecba ch\u1ec9 email<\/label><br \/>\n<span class=\"wpcf7-form-control-wrap\" data-name=\"email-552\"><input type=\"email\" name=\"email-552\" value=\"\" size=\"40\" class=\"wpcf7-form-control wpcf7-text wpcf7-email wpcf7-validates-as-email\" aria-invalid=\"false\" placeholder=\"\u0110\u1ecba ch\u1ec9 email...\" \/><\/span><br \/>\n<input type=\"submit\" value=\"G\u1eedi li\u00ean h\u1ec7\" class=\"wpcf7-form-control has-spinner wpcf7-submit\" \/><br \/>\n<\/box>\n<\/div>\n<\/div>\n<\/div>\n<div class=\"wpcf7-response-output\" aria-hidden=\"true\"><\/div><\/form><\/div>\n\t\t<\/div>\n\t\t\t\t\t<\/div>\n\n\t\n<\/div>\n\t\t<\/div>\n\n\t\t\n<style>\n#section_2068464319 {\n  padding-top: 81px;\n  padding-bottom: 81px;\n}\n#section_2068464319 .ux-shape-divider--top svg {\n  height: 150px;\n  --divider-top-width: 100%;\n}\n#section_2068464319 .ux-shape-divider--bottom svg {\n  height: 150px;\n  --divider-width: 100%;\n}\n<\/style>\n\t<\/section>\n\t\n","protected":false},"excerpt":{"rendered":"","protected":false},"author":1,"featured_media":0,"parent":0,"menu_order":0,"comment_status":"closed","ping_status":"closed","template":"page-blank.php","meta":{"footnotes":""},"class_list":["post-24","page","type-page","status-publish","hentry"],"yoast_head":"<!-- This site is optimized with the Yoast SEO plugin v19.6 - https:\/\/yoast.com\/wordpress\/plugins\/seo\/ -->\n<title>Li\u00ean h\u1ec7 - M\u1eabu website b\u1ea5t \u0111\u1ed9ng s\u1ea3n<\/title>\n<meta name=\"robots\" content=\"noindex, follow, max-snippet:-1, max-image-preview:large, max-video-preview:-1\" \/>\n<meta property=\"og:locale\" content=\"vi_VN\" \/>\n<meta property=\"og:type\" content=\"article\" \/>\n<meta property=\"og:title\" content=\"Li\u00ean h\u1ec7 - M\u1eabu website b\u1ea5t \u0111\u1ed9ng s\u1ea3n\" \/>\n<meta property=\"og:url\" content=\"https:\/\/mauweb.tamnguyen.vn\/bds25\/lien-he\/\" \/>\n<meta property=\"og:site_name\" content=\"M\u1eabu website b\u1ea5t \u0111\u1ed9ng s\u1ea3n\" \/>\n<meta name=\"twitter:card\" content=\"summary_large_image\" \/>\n<meta name=\"twitter:label1\" content=\"\u01af\u1edbc t\u00ednh th\u1eddi gian \u0111\u1ecdc\" \/>\n\t<meta name=\"twitter:data1\" content=\"1 ph\u00fat\" \/>\n<script type=\"application\/ld+json\" class=\"yoast-schema-graph\">{\"@context\":\"https:\/\/schema.org\",\"@graph\":[{\"@type\":\"WebPage\",\"@id\":\"https:\/\/mauweb.tamnguyen.vn\/bds25\/lien-he\/\",\"url\":\"https:\/\/mauweb.tamnguyen.vn\/bds25\/lien-he\/\",\"name\":\"Li\u00ean h\u1ec7 - M\u1eabu website b\u1ea5t \u0111\u1ed9ng s\u1ea3n\",\"isPartOf\":{\"@id\":\"https:\/\/mauweb.tamnguyen.vn\/bds25\/#website\"},\"datePublished\":\"2021-05-22T01:39:50+00:00\",\"dateModified\":\"2021-05-22T01:39:50+00:00\",\"breadcrumb\":{\"@id\":\"https:\/\/mauweb.tamnguyen.vn\/bds25\/lien-he\/#breadcrumb\"},\"inLanguage\":\"vi\",\"potentialAction\":[{\"@type\":\"ReadAction\",\"target\":[\"https:\/\/mauweb.tamnguyen.vn\/bds25\/lien-he\/\"]}]},{\"@type\":\"BreadcrumbList\",\"@id\":\"https:\/\/mauweb.tamnguyen.vn\/bds25\/lien-he\/#breadcrumb\",\"itemListElement\":[{\"@type\":\"ListItem\",\"position\":1,\"name\":\"Trang ch\u1ee7\",\"item\":\"https:\/\/mauweb.tamnguyen.vn\/bds25\/\"},{\"@type\":\"ListItem\",\"position\":2,\"name\":\"Li\u00ean h\u1ec7\"}]},{\"@type\":\"WebSite\",\"@id\":\"https:\/\/mauweb.tamnguyen.vn\/bds25\/#website\",\"url\":\"https:\/\/mauweb.tamnguyen.vn\/bds25\/\",\"name\":\"M\u1eabu website b\u1ea5t \u0111\u1ed9ng s\u1ea3n\",\"description\":\"\",\"potentialAction\":[{\"@type\":\"SearchAction\",\"target\":{\"@type\":\"EntryPoint\",\"urlTemplate\":\"https:\/\/mauweb.tamnguyen.vn\/bds25\/?s={search_term_string}\"},\"query-input\":\"required name=search_term_string\"}],\"inLanguage\":\"vi\"}]}<\/script>\n<!-- \/ Yoast SEO plugin. -->","yoast_head_json":{"title":"Li\u00ean h\u1ec7 - M\u1eabu website b\u1ea5t \u0111\u1ed9ng s\u1ea3n","robots":{"index":"noindex","follow":"follow","max-snippet":"max-snippet:-1","max-image-preview":"max-image-preview:large","max-video-preview":"max-video-preview:-1"},"og_locale":"vi_VN","og_type":"article","og_title":"Li\u00ean h\u1ec7 - M\u1eabu website b\u1ea5t \u0111\u1ed9ng s\u1ea3n","og_url":"https:\/\/mauweb.tamnguyen.vn\/bds25\/lien-he\/","og_site_name":"M\u1eabu website b\u1ea5t \u0111\u1ed9ng s\u1ea3n","twitter_card":"summary_large_image","twitter_misc":{"\u01af\u1edbc t\u00ednh th\u1eddi gian \u0111\u1ecdc":"1 ph\u00fat"},"schema":{"@context":"https:\/\/schema.org","@graph":[{"@type":"WebPage","@id":"https:\/\/mauweb.tamnguyen.vn\/bds25\/lien-he\/","url":"https:\/\/mauweb.tamnguyen.vn\/bds25\/lien-he\/","name":"Li\u00ean h\u1ec7 - M\u1eabu website b\u1ea5t \u0111\u1ed9ng s\u1ea3n","isPartOf":{"@id":"https:\/\/mauweb.tamnguyen.vn\/bds25\/#website"},"datePublished":"2021-05-22T01:39:50+00:00","dateModified":"2021-05-22T01:39:50+00:00","breadcrumb":{"@id":"https:\/\/mauweb.tamnguyen.vn\/bds25\/lien-he\/#breadcrumb"},"inLanguage":"vi","potentialAction":[{"@type":"ReadAction","target":["https:\/\/mauweb.tamnguyen.vn\/bds25\/lien-he\/"]}]},{"@type":"BreadcrumbList","@id":"https:\/\/mauweb.tamnguyen.vn\/bds25\/lien-he\/#breadcrumb","itemListElement":[{"@type":"ListItem","position":1,"name":"Trang ch\u1ee7","item":"https:\/\/mauweb.tamnguyen.vn\/bds25\/"},{"@type":"ListItem","position":2,"name":"Li\u00ean h\u1ec7"}]},{"@type":"WebSite","@id":"https:\/\/mauweb.tamnguyen.vn\/bds25\/#website","url":"https:\/\/mauweb.tamnguyen.vn\/bds25\/","name":"M\u1eabu website b\u1ea5t \u0111\u1ed9ng s\u1ea3n","description":"","potentialAction":[{"@type":"SearchAction","target":{"@type":"EntryPoint","urlTemplate":"https:\/\/mauweb.tamnguyen.vn\/bds25\/?s={search_term_string}"},"query-input":"required name=search_term_string"}],"inLanguage":"vi"}]}},"_links":{"self":[{"href":"https:\/\/mauweb.tamnguyen.vn\/bds25\/wp-json\/wp\/v2\/pages\/24","targetHints":{"allow":["GET"]}}],"collection":[{"href":"https:\/\/mauweb.tamnguyen.vn\/bds25\/wp-json\/wp\/v2\/pages"}],"about":[{"href":"https:\/\/mauweb.tamnguyen.vn\/bds25\/wp-json\/wp\/v2\/types\/page"}],"author":[{"embeddable":true,"href":"https:\/\/mauweb.tamnguyen.vn\/bds25\/wp-json\/wp\/v2\/users\/1"}],"replies":[{"embeddable":true,"href":"https:\/\/mauweb.tamnguyen.vn\/bds25\/wp-json\/wp\/v2\/comments?post=24"}],"version-history":[{"count":0,"href":"https:\/\/mauweb.tamnguyen.vn\/bds25\/wp-json\/wp\/v2\/pages\/24\/revisions"}],"wp:attachment":[{"href":"https:\/\/mauweb.tamnguyen.vn\/bds25\/wp-json\/wp\/v2\/media?parent=24"}],"curies":[{"name":"wp","href":"https:\/\/api.w.org\/{rel}","templated":true}]}}