{"id":31,"date":"2019-07-29T09:04:17","date_gmt":"2019-07-29T02:04:17","guid":{"rendered":"http:\/\/bds20.maugiaodien.com\/?page_id=31"},"modified":"2019-07-29T15:07:26","modified_gmt":"2019-07-29T08:07:26","slug":"gioi-thieu","status":"publish","type":"page","link":"https:\/\/mauweb.tamnguyen.vn\/bds20\/gioi-thieu\/","title":{"rendered":"Gi\u1edbi thi\u1ec7u"},"content":{"rendered":"\t<section class=\"section\" id=\"section_1768774817\">\n\t\t<div class=\"bg section-bg fill bg-fill  bg-loaded\" >\n\n\t\t\t\n\t\t\t\n\t\t\t\n\n\t\t<\/div>\n\n\t\t<div class=\"section-content relative\">\n\t\t\t\n<div class=\"row\"  id=\"row-1119115842\">\n\n\t<div id=\"col-61543854\" class=\"col small-12 large-12\"  >\n\t\t\t\t<div class=\"col-inner\"  >\n\t\t\t\n\t\t\t\n<p><strong>C\u00f4ng ty C\u1ed5 ph\u1ea7n \u0110\u00f4ng T\u00e2y Land<\/strong>\u00a0\u0111\u01b0\u1ee3c th\u00e0nh l\u1eadp t\u1eeb n\u0103m 2009. Sau g\u1ea7n 10 n\u0103m h\u00ecnh th\u00e0nh v\u00e0 ph\u00e1t tri\u1ec3n, \u0111\u1ebfn nay\u00a0<strong>\u0110\u00f4ng T\u00e2y Land<\/strong>\u00a0\u0111\u00e3 kh\u1eb3ng \u0111\u1ecbnh \u0111\u01b0\u1ee3c uy t\u00edn v\u00e0 n\u0103ng l\u1ef1c c\u1ea1nh tranh h\u00e0ng \u0111\u1ea7u trong ng\u00e0nh t\u01b0 v\u1ea5n, ph\u00e2n ph\u1ed1i B\u1ea5t \u0111\u1ed9ng s\u1ea3n t\u1ea1i Vi\u1ec7t Nam.<\/p>\n<p>V\u1edbi t\u00f4n ch\u1ec9 ho\u1ea1t \u0111\u1ed9ng:\u00a0<strong>Tr\u1ecdn ch\u1eef T\u00cdN, v\u1eb9n ni\u1ec1m TIN<\/strong>, ch\u00fang t\u00f4i \u0111\u00e3 n\u1ed7 l\u1ef1c tr\u1edf th\u00e0nh k\u00eanh t\u01b0 v\u1ea5n tin c\u1eady, mang \u0111\u1ebfn cho kh\u00e1ch h\u00e0ng nh\u1eefng d\u1ef1 \u00e1n, s\u1ea3n ph\u1ea9m \u0111\u1ea7u t\u01b0 ch\u1ea5t l\u01b0\u1ee3ng v\u00e0 ti\u1ec1m n\u0103ng sinh l\u1eddi cao nh\u1ea5t.<\/p>\n<p>Trong su\u1ed1t qu\u00e1 tr\u00ecnh ho\u1ea1t \u0111\u1ed9ng, b\u1eb1ng c\u00e1ch l\u00e0m vi\u1ec7c chuy\u00ean nghi\u1ec7p, ch\u00ednh x\u00e1c, t\u1eadn t\u00ecnh, lu\u00f4n h\u1ed7 tr\u1ee3 h\u1ebft m\u00ecnh cho kh\u00e1ch h\u00e0ng, \u0111\u1ed9i ng\u0169 chuy\u00ean vi\u00ean t\u01b0 v\u1ea5n c\u1ee7a\u00a0<strong>\u0110\u00f4ng T\u00e2y Land<\/strong>\u00a0lu\u00f4n l\u00e0 c\u1ea7u n\u1ed1i uy t\u00edn gi\u1eefa ch\u1ee7 \u0111\u1ea7u t\u01b0 v\u00e0 kh\u00e1ch h\u00e0ng.<\/p>\n<p><strong>\u0110\u00f4ng T\u00e2y Land<\/strong>\u00a0xin ch\u00e2n th\u00e0nh c\u1ea3m \u01a1n Qu\u00fd ch\u1ee7 \u0111\u1ea7u t\u01b0, \u0111\u1ed1i t\u00e1c v\u00e0 \u0111\u1eb7c bi\u1ec7t l\u00e0 kh\u00e1ch h\u00e0ng \u0111\u00e3 tin t\u01b0\u1edfng C\u00f4ng ty trong nhi\u1ec1u n\u0103m qua. Ch\u00fang t\u00f4i s\u1ebd kh\u00f4ng ng\u1eebng n\u00e2ng cao ch\u1ea5t l\u01b0\u1ee3ng d\u1ecbch v\u1ee5 \u0111\u1ec3 \u0111\u00e1p l\u1ea1i ni\u1ec1m tin v\u00e0 s\u1ef1 ch\u1ecdn l\u1ef1a c\u1ee7a Qu\u00fd v\u1ecb.<\/p>\n\t\t<\/div>\n\t\t\t\t\t<\/div>\n\n\t\n<\/div>\n\t\t<\/div>\n\n\t\t\n<style>\n#section_1768774817 {\n  padding-top: 30px;\n  padding-bottom: 30px;\n}\n<\/style>\n\t<\/section>\n\t\n\t<section class=\"section tieu-chi-section\" id=\"section_1232699431\">\n\t\t<div class=\"bg section-bg fill bg-fill  bg-loaded\" >\n\n\t\t\t\n\t\t\t\n\t\t\t\n\n\t\t<\/div>\n\n\t\t<div class=\"section-content relative\">\n\t\t\t\n<div class=\"row\"  id=\"row-667286706\">\n\n\t<div id=\"col-1697809725\" class=\"col medium-4 small-12 large-4\"  data-animate=\"bounceIn\">\n\t\t\t\t<div class=\"col-inner\"  >\n\t\t\t\n\t\t\t\n\n\t\t<div class=\"icon-box featured-box icon-box-center text-center\"  >\n\t\t\t\t\t<div class=\"icon-box-img\" style=\"width: 60px\">\n\t\t\t\t<div class=\"icon\">\n\t\t\t\t\t<div class=\"icon-inner\" >\n\t\t\t\t\t\t<img loading=\"lazy\" decoding=\"async\" width=\"80\" height=\"80\" src=\"https:\/\/mauweb.tamnguyen.vn\/bds20\/wp-content\/uploads\/2019\/07\/bar-chart.png\" class=\"attachment-medium size-medium\" alt=\"\" \/>\t\t\t\t\t<\/div>\n\t\t\t\t<\/div>\n\t\t\t<\/div>\n\t\t\t\t<div class=\"icon-box-text last-reset\">\n\t\t\t\t\t\t\t\t\t\n<h3 style=\"text-align: center;\">T\u1ea7m nh\u00ecn Doanh nghi\u1ec7p<\/h3>\n<p style=\"text-align: center;\">Tr\u1edf th\u00e0nh m\u1ed9t trong nh\u1eefng Nh\u00e0 t\u01b0 v\u1ea5n, ph\u00e2n ph\u1ed1i B\u1ea5t \u0110\u1ed9ng S\u1ea3n chuy\u00ean nghi\u1ec7p v\u00e0 uy t\u00edn nh\u1ea5t t\u1ea1i Vi\u1ec7t Nam<\/p>\n\t\t<\/div>\n\t<\/div>\n\t\n\t\n\t\t<\/div>\n\t\t\t\t\t<\/div>\n\n\t\n\n\t<div id=\"col-133014385\" class=\"col medium-4 small-12 large-4\"  data-animate=\"bounceIn\">\n\t\t\t\t<div class=\"col-inner\"  >\n\t\t\t\n\t\t\t\n\n\t\t<div class=\"icon-box featured-box icon-box-center text-center\"  >\n\t\t\t\t\t<div class=\"icon-box-img\" style=\"width: 60px\">\n\t\t\t\t<div class=\"icon\">\n\t\t\t\t\t<div class=\"icon-inner\" >\n\t\t\t\t\t\t<img loading=\"lazy\" decoding=\"async\" width=\"80\" height=\"80\" src=\"https:\/\/mauweb.tamnguyen.vn\/bds20\/wp-content\/uploads\/2019\/07\/contract.png\" class=\"attachment-medium size-medium\" alt=\"\" \/>\t\t\t\t\t<\/div>\n\t\t\t\t<\/div>\n\t\t\t<\/div>\n\t\t\t\t<div class=\"icon-box-text last-reset\">\n\t\t\t\t\t\t\t\t\t\n<h3 style=\"text-align: center;\">S\u1ee9 m\u1ec7nh c\u1ee7a ch\u00fang t\u00f4i<\/h3>\n<p style=\"text-align: center;\">L\u00e0 c\u1ea7u n\u1ed1i tin c\u1eady gi\u1eefa Ch\u1ee7 \u0111\u1ea7u t\u01b0 v\u00e0 kh\u00e1ch h\u00e0ng, \u0111em l\u1ea1i nh\u1eefng s\u1ea3n ph\u1ea9m b\u1ea5t \u0111\u1ed9ng s\u1ea3n c\u00f3 gi\u00e1 tr\u1ecb l\u1ee3i nhu\u1eadn cao<\/p>\n\t\t<\/div>\n\t<\/div>\n\t\n\t\n\t\t<\/div>\n\t\t\t\t\t<\/div>\n\n\t\n\n\t<div id=\"col-1927114813\" class=\"col medium-4 small-12 large-4\"  data-animate=\"bounceIn\">\n\t\t\t\t<div class=\"col-inner\"  >\n\t\t\t\n\t\t\t\n\n\t\t<div class=\"icon-box featured-box icon-box-center text-center\"  >\n\t\t\t\t\t<div class=\"icon-box-img\" style=\"width: 60px\">\n\t\t\t\t<div class=\"icon\">\n\t\t\t\t\t<div class=\"icon-inner\" >\n\t\t\t\t\t\t<img loading=\"lazy\" decoding=\"async\" width=\"80\" height=\"80\" src=\"https:\/\/mauweb.tamnguyen.vn\/bds20\/wp-content\/uploads\/2019\/07\/diamond.png\" class=\"attachment-medium size-medium\" alt=\"\" \/>\t\t\t\t\t<\/div>\n\t\t\t\t<\/div>\n\t\t\t<\/div>\n\t\t\t\t<div class=\"icon-box-text last-reset\">\n\t\t\t\t\t\t\t\t\t\n<h3 style=\"text-align: center;\">Gi\u00e1 tr\u1ecb c\u1ed1t l\u00f5i<\/h3>\n<p style=\"text-align: center;\">Ni\u1ec1m tin c\u1ee7a kh\u00e1ch h\u00e0ng l\u00e0 t\u00e0i s\u1ea3n v\u00f4 gi\u00e1! Ch\u00fang t\u00f4i lu\u00f4n t\u1eadn t\u00e2m v\u1edbi kh\u00e1ch h\u00e0ng, d\u00f9ng tr\u1ecdn ch\u1eef T\u00edn \u0111\u1ec3 t\u1ea1o d\u1ef1ng ni\u1ec1m tin n\u00e0y!<\/p>\n\t\t<\/div>\n\t<\/div>\n\t\n\t\n\t\t<\/div>\n\t\t\t\t\t<\/div>\n\n\t\n<\/div>\n\t\t<\/div>\n\n\t\t\n<style>\n#section_1232699431 {\n  padding-top: 45px;\n  padding-bottom: 45px;\n}\n<\/style>\n\t<\/section>\n\t\n\t<section class=\"section dai-ly-lien-ket dark\" id=\"section_1438283121\">\n\t\t<div class=\"bg section-bg fill bg-fill  \" >\n\n\t\t\t\n\t\t\t\n\t\t\t\n\n\t\t<\/div>\n\n\t\t<div class=\"section-content relative\">\n\t\t\t\n<div class=\"row\"  id=\"row-1237086975\">\n\n\t<div id=\"col-1710328552\" class=\"col small-12 large-12\"  >\n\t\t\t\t<div class=\"col-inner\"  >\n\t\t\t\n\t\t\t\n<div class=\"container section-title-container\" ><h2 class=\"section-title section-title-center\"><b><\/b><span class=\"section-title-main\" >\u0110\u1ea1i l\u00fd li\u00ean k\u1ebft<\/span><b><\/b><\/h2><\/div>\n<ul>\n<li class=\"col-sm-6 daily\">Cty C\u1ed5 Ph\u1ea7n \u0110\u1ea7u T\u01b0 Minh H\u01b0ng<\/li>\n<li class=\"col-sm-6 daily\"><i class=\"fas fa-arrow-alt-circle-right\"><\/i>\u00a0Cty C\u1ed5 Ph\u1ea7n \u0110\u1ea7u T\u01b0 G20<\/li>\n<li class=\"col-sm-6 daily\"><i class=\"fas fa-arrow-alt-circle-right\"><\/i>\u00a0Cty C\u1ed5 ph\u1ea7n Nh\u00e0 Ph\u01b0\u01a1ng Nam Vi\u1ec7t Nam<\/li>\n<li class=\"col-sm-6 daily\"><i class=\"fas fa-arrow-alt-circle-right\"><\/i>\u00a0Cty TNHH \u0110\u1ea7u t\u01b0 Kinh doanh B\u0110S Shiny<\/li>\n<li class=\"col-sm-6 daily\"><i class=\"fas fa-arrow-alt-circle-right\"><\/i>\u00a0Cty TNHH Nh\u00e0 \u0110\u1ea5t \u0110\u00f4 Th\u1ecb M\u1edbi Nam Th\u00e0nh Ph\u1ed1<\/li>\n<li class=\"col-sm-6 daily\"><i class=\"fas fa-arrow-alt-circle-right\"><\/i>\u00a0Cty CP Mland Vi\u00ea\u0323t Nam<\/li>\n<li class=\"col-sm-6 daily\"><i class=\"fas fa-arrow-alt-circle-right\"><\/i>\u00a0Cty C\u1ed5 Ph\u1ea7n Saigon New Land<\/li>\n<li class=\"col-sm-6 daily\"><i class=\"fas fa-arrow-alt-circle-right\"><\/i>\u00a0Cty TNHH TMDV Kim \u0110i\u1ec1n<\/li>\n<li class=\"col-sm-6 daily\"><i class=\"fas fa-arrow-alt-circle-right\"><\/i>\u00a0Cty C\u1ed5 Ph\u1ea7n B\u1ea5t \u0110\u1ed9ng S\u1ea3n Trung T\u00e2m Th\u00e0nh Ph\u1ed1<\/li>\n<li class=\"col-sm-6 daily\"><i class=\"fas fa-arrow-alt-circle-right\"><\/i>\u00a0Cty C\u1ed5 Ph\u1ea7n T\u01b0 V\u1ea5n V\u00e0 \u0110\u1ea7u T\u01b0 X\u00e2y D\u1ef1ng MDA<\/li>\n<li class=\"col-sm-6 daily\"><i class=\"fas fa-arrow-alt-circle-right\"><\/i>\u00a0Cty TNHH \u0110\u1ea7u T\u01b0 X\u00e2y D\u1ef1ng Th\u01b0\u01a1ng M\u1ea1i H\u1ee3p Ph\u00e1t<\/li>\n<li class=\"col-sm-6 daily\"><i class=\"fas fa-arrow-alt-circle-right\"><\/i>\u00a0Cty C\u1ed5 Ph\u1ea7n \u0110\u1ea7u T\u01b0 B\u1ea5t \u0110\u1ed9ng S\u1ea3n Ng\u00f4i Nh\u00e0 Vi\u1ec7t<\/li>\n<li class=\"col-sm-6 daily\"><i class=\"fas fa-arrow-alt-circle-right\"><\/i>\u00a0Cty TNHH Ph\u00fac Long Real<\/li>\n<li class=\"col-sm-6 daily\"><i class=\"fas fa-arrow-alt-circle-right\"><\/i>\u00a0Cty C\u1ed5 Ph\u1ea7n Th\u01b0\u01a1ng M\u1ea1i D\u1ecbch V\u1ee5 B\u1ea5t \u0110\u1ed9ng S\u1ea3n Green Hill<\/li>\n<li class=\"col-sm-6 daily\"><i class=\"fas fa-arrow-alt-circle-right\"><\/i>\u00a0Cty TNHH CBRE (Vi\u1ec7t Nam)<\/li>\n<li class=\"col-sm-6 daily\"><i class=\"fas fa-arrow-alt-circle-right\"><\/i>\u00a0Cty TNHH MTV Ho\u00e0ng Vi\u1ec7t Th\u1ed5<\/li>\n<li class=\"col-sm-6 daily\"><i class=\"fas fa-arrow-alt-circle-right\"><\/i>\u00a0Cty C\u1ed5 Ph\u1ea7n B\u1ea5t \u0110\u1ed9ng S\u1ea3n Kh\u1ea3i Ho\u00e0n Land<\/li>\n<li class=\"col-sm-6 daily\"><i class=\"fas fa-arrow-alt-circle-right\"><\/i>\u00a0Cty CP \u0110\u1ea7u T\u01b0 \u0110\u1ecba \u1ed0c BIGHOMES<\/li>\n<li class=\"col-sm-6 daily\"><i class=\"fas fa-arrow-alt-circle-right\"><\/i>\u00a0Cty C\u1ed5 Ph\u1ea7n D\u1ecbch V\u1ee5 B\u1ea5t \u0110\u1ed9ng S\u1ea3n Sao Vi\u1ec7t<\/li>\n<li class=\"col-sm-6 daily\"><i class=\"fas fa-arrow-alt-circle-right\"><\/i>\u00a0Cty TNHH T\u01b0 V\u1ea5n Qu\u1ea3n L\u00fd H\u00e0n Vi\u1ec7t<\/li>\n<li class=\"col-sm-6 daily\"><i class=\"fas fa-arrow-alt-circle-right\"><\/i>\u00a0Cty C\u1ed5 Ph\u1ea7n D\u1ecbch V\u1ee5 B\u0110S Nh\u00e0 S\u00e0i G\u00f2n<\/li>\n<li class=\"col-sm-6 daily\"><i class=\"fas fa-arrow-alt-circle-right\"><\/i>\u00a0Cty TNHH B\u1ea5t \u0110\u1ed9ng S\u1ea3n Smartland<\/li>\n<li class=\"col-sm-6 daily\"><i class=\"fas fa-arrow-alt-circle-right\"><\/i>\u00a0Cty TNHH Todds Realty Vi\u1ec7t Nam<\/li>\n<li class=\"col-sm-6 daily\"><i class=\"fas fa-arrow-alt-circle-right\"><\/i>\u00a0Cty C\u1ed5 Ph\u1ea7n T\u01b0 V\u1ea5n \u2013 X\u00e2y D\u1ef1ng V\u00e0 DVTM Thi\u00ean Minh<\/li>\n<li class=\"col-sm-6 daily\"><i class=\"fas fa-arrow-alt-circle-right\"><\/i>\u00a0Cty C\u1ed5 Ph\u1ea7n \u0110\u1ea7u T\u01b0 X\u00e2y D\u1ef1ng Th\u1ebf Gi\u1edbi B\u1ea5t \u0110\u1ed9ng S\u1ea3n<\/li>\n<li class=\"col-sm-6 daily\"><i class=\"fas fa-arrow-alt-circle-right\"><\/i>\u00a0Cty CP \u0110\u1ea7u T\u01b0 V\u00e0 PT Nh\u00e0 S\u00e0i G\u00f2n<\/li>\n<li class=\"col-sm-6 daily\"><i class=\"fas fa-arrow-alt-circle-right\"><\/i>\u00a0Cty TNHH Savills Vi\u1ec7t Nam \u2013 Chi Nh\u00e1nh TPHCM<\/li>\n<li class=\"col-sm-6 daily\"><i class=\"fas fa-arrow-alt-circle-right\"><\/i>\u00a0Cty C\u1ed5 Ph\u1ea7n B\u1ea5t \u0110\u1ed9ng S\u1ea3n Ph\u00fac H\u01b0ng Land<\/li>\n<li class=\"col-sm-6 daily\"><i class=\"fas fa-arrow-alt-circle-right\"><\/i>\u00a0Cty CP \u0110\u1ea7u t\u01b0 X\u00e2y d\u1ef1ng D\u1ecbch v\u1ee5 Th\u00e0nh \u0110\u00f4<\/li>\n<li class=\"col-sm-6 daily\"><i class=\"fas fa-arrow-alt-circle-right\"><\/i>\u00a0Cty C\u1ed5 Ph\u1ea7n Mai Linh Land<\/li>\n<li class=\"col-sm-6 daily\"><i class=\"fas fa-arrow-alt-circle-right\"><\/i>\u00a0Cty TNHH Ph\u00e1t Tri\u1ec3n Th\u01b0\u01a1ng M\u1ea1i B\u0110S Newstarland<\/li>\n<\/ul>\n\t\t<\/div>\n\t\t\t\t\t<\/div>\n\n\t\n<\/div>\n\t\t<\/div>\n\n\t\t\n<style>\n#section_1438283121 {\n  padding-top: 46px;\n  padding-bottom: 46px;\n}\n#section_1438283121 .section-bg.bg-loaded {\n  background-image: url(https:\/\/mauweb.tamnguyen.vn\/bds20\/wp-content\/uploads\/2019\/07\/bg-video-section.jpg);\n}\n<\/style>\n\t<\/section>\n\t\n\t<section class=\"section\" id=\"section_87394763\">\n\t\t<div class=\"bg section-bg fill bg-fill  bg-loaded\" >\n\n\t\t\t\n\t\t\t\n\t\t\t\n\n\t\t<\/div>\n\n\t\t<div class=\"section-content relative\">\n\t\t\t\n<div class=\"row\"  id=\"row-560896121\">\n\n\t<div id=\"col-1070607478\" class=\"col small-12 large-12\"  >\n\t\t\t\t<div class=\"col-inner\"  >\n\t\t\t\n\t\t\t\n<div class=\"container section-title-container\" ><h2 class=\"section-title section-title-center\"><b><\/b><span class=\"section-title-main\" style=\"color:rgb(184, 0, 0);\">\u0110\u1ed1i t\u00e1c chi\u1ebfn l\u01b0\u1ee3c<\/span><b><\/b><\/h2><\/div>\n<div class=\"row\"  id=\"row-389319869\">\n\n\t<div id=\"col-227737487\" class=\"col small-12 large-12\"  >\n\t\t\t\t<div class=\"col-inner text-center\"  >\n\t\t\t\n\t\t\t\n<div class=\"ux-logo has-hover align-middle ux_logo inline-block\" style=\"max-width: 100%!important; width: 200.04545454545px!important\"><div class=\"ux-logo-link block image-color\" title=\"\"  href=\"\" style=\"padding: 15px;\"><img decoding=\"async\" src=\"https:\/\/mauweb.tamnguyen.vn\/bds20\/wp-content\/uploads\/2019\/07\/logo-vincity.png\" title=\"\" alt=\"\" class=\"ux-logo-image block\" style=\"height:129px;\" \/><\/div><\/div>\n<div class=\"ux-logo has-hover align-middle ux_logo inline-block\" style=\"max-width: 100%!important; width: 219.98181818182px!important\"><div class=\"ux-logo-link block image-color\" title=\"\"  href=\"\" style=\"padding: 15px;\"><img decoding=\"async\" src=\"https:\/\/mauweb.tamnguyen.vn\/bds20\/wp-content\/uploads\/2019\/07\/LOGO-VINHOME-CENTRAL-PARK.png\" title=\"\" alt=\"\" class=\"ux-logo-image block\" style=\"height:129px;\" \/><\/div><\/div>\n<div class=\"ux-logo has-hover align-middle ux_logo inline-block\" style=\"max-width: 100%!important; width: 171.9px!important\"><div class=\"ux-logo-link block image-color\" title=\"\"  href=\"\" style=\"padding: 15px;\"><img decoding=\"async\" src=\"https:\/\/mauweb.tamnguyen.vn\/bds20\/wp-content\/uploads\/2019\/07\/vic.png\" title=\"\" alt=\"\" class=\"ux-logo-image block\" style=\"height:129px;\" \/><\/div><\/div>\n<div class=\"ux-logo has-hover align-middle ux_logo inline-block\" style=\"max-width: 100%!important; width: 203.56363636364px!important\"><div class=\"ux-logo-link block image-color\" title=\"\"  href=\"\" style=\"padding: 15px;\"><img decoding=\"async\" src=\"https:\/\/mauweb.tamnguyen.vn\/bds20\/wp-content\/uploads\/2019\/07\/vinpearl.jpeg\" title=\"\" alt=\"\" class=\"ux-logo-image block\" style=\"height:129px;\" \/><\/div><\/div>\n<div class=\"ux-logo has-hover align-middle ux_logo inline-block\" style=\"max-width: 100%!important; width: 136.71818181818px!important\"><div class=\"ux-logo-link block image-color\" title=\"\"  href=\"\" style=\"padding: 15px;\"><img decoding=\"async\" src=\"https:\/\/mauweb.tamnguyen.vn\/bds20\/wp-content\/uploads\/2019\/07\/viec-lam-vincom.png\" title=\"\" alt=\"\" class=\"ux-logo-image block\" style=\"height:129px;\" \/><\/div><\/div>\n\t\t<\/div>\n\t\t\t\t\t<\/div>\n\n\t\n<\/div>\n\t\t<\/div>\n\t\t\t\t\t<\/div>\n\n\t\n<\/div>\n\t\t<\/div>\n\n\t\t\n<style>\n#section_87394763 {\n  padding-top: 40px;\n  padding-bottom: 40px;\n}\n<\/style>\n\t<\/section>\n\t\n","protected":false},"excerpt":{"rendered":"","protected":false},"author":2,"featured_media":63,"parent":0,"menu_order":0,"comment_status":"closed","ping_status":"closed","template":"page-blank-featured.php","meta":{"footnotes":""},"class_list":["post-31","page","type-page","status-publish","has-post-thumbnail","hentry"],"_links":{"self":[{"href":"https:\/\/mauweb.tamnguyen.vn\/bds20\/wp-json\/wp\/v2\/pages\/31"}],"collection":[{"href":"https:\/\/mauweb.tamnguyen.vn\/bds20\/wp-json\/wp\/v2\/pages"}],"about":[{"href":"https:\/\/mauweb.tamnguyen.vn\/bds20\/wp-json\/wp\/v2\/types\/page"}],"author":[{"embeddable":true,"href":"https:\/\/mauweb.tamnguyen.vn\/bds20\/wp-json\/wp\/v2\/users\/2"}],"replies":[{"embeddable":true,"href":"https:\/\/mauweb.tamnguyen.vn\/bds20\/wp-json\/wp\/v2\/comments?post=31"}],"version-history":[{"count":0,"href":"https:\/\/mauweb.tamnguyen.vn\/bds20\/wp-json\/wp\/v2\/pages\/31\/revisions"}],"wp:featuredmedia":[{"embeddable":true,"href":"https:\/\/mauweb.tamnguyen.vn\/bds20\/wp-json\/wp\/v2\/media\/63"}],"wp:attachment":[{"href":"https:\/\/mauweb.tamnguyen.vn\/bds20\/wp-json\/wp\/v2\/media?parent=31"}],"curies":[{"name":"wp","href":"https:\/\/api.w.org\/{rel}","templated":true}]}}