{"id":416,"date":"2020-02-18T02:08:31","date_gmt":"2020-02-18T02:08:31","guid":{"rendered":"http:\/\/bds18.maugiaodien.com\/?post_type=product&#038;p=416"},"modified":"2020-02-18T02:08:32","modified_gmt":"2020-02-18T02:08:32","slug":"khu-do-thi-lien-ke-nam-32","status":"publish","type":"product","link":"https:\/\/mauweb.tamnguyen.vn\/bds18\/khu-do-thi-lien-ke-nam-32\/","title":{"rendered":"Khu \u0111\u00f4 th\u1ecb li\u1ec1n k\u1ec1 nam 32"},"content":{"rendered":"<h2>LI\u1ec0N K\u1ec0 NAM 32 \u2013 KHU \u0110\u00d4 TH\u1eca CHU\u1ea8N M\u1ef0C PH\u00cdA T\u00c2Y H\u00c0 N\u1ed8I<\/h2>\n<p><b><a href=\"https:\/\/lienkenam32.com\/\" target=\"_blank\" rel=\"noopener noreferrer\">Li\u1ec1n k\u1ec1 Nam 32<\/a><\/b>\u00a0\u2013 Khu \u0111\u00f4 th\u1ecb cao c\u1ea5p t\u1ecda la\u0323c ngay ta\u0323i Trung t\u00e2m th\u1ecb tr\u1ea5n Tr\u1ea1m Tr\u00f4i, huy\u1ec7n Ho\u00e0i \u0110\u1ee9c, H\u00e0 N\u1ed9i. N\u1eb1m tr\u00ean tuy\u1ebfn \u0111\u01b0\u1eddng huy\u1ebft m\u1ea1ch T\u00e2y Th\u0103ng Long n\u1ed1i th\u1ee7 \u0111\u00f4 v\u1edbi \u0111\u00f4 th\u1ecb v\u1ec7 tinh S\u01a1n T\u00e2y,\u00a0<a href=\"https:\/\/lienkenam32.com\/\" target=\"_blank\" rel=\"noopener noreferrer\"><b>khu \u0111\u00f4 th\u1ecb m\u1edbi Nam 3<\/b>2<\/a>\u00a0do c\u00f4ng ty c\u00f4\u0309 ph\u00e2\u0300n \u0111\u00e2\u0300u t\u01b0 va\u0300 pha\u0301t tri\u00ea\u0309n Lu\u0303ng L\u00f4 5 tr\u01b0\u0323c thu\u00f4\u0323c T\u1ed5ng C\u00f4ng ty L\u0169ng L\u00f4 \u2013 B\u1ed9 Qu\u1ed1c Ph\u00f2ng l\u00e0m Ch\u1ee7 \u0111\u1ea7u t\u01b0, gi\u1eef v\u1ecb tr\u00ed quan tro\u0323ng trong chu\u1ed7i \u0111\u00f4 th\u1ecb m\u1edbi h\u01b0\u1edbng v\u1ec1 thu\u0309 \u0111\u00f4 H\u00e0 N\u1ed9i.<\/p>\n<div>T\u00ean th\u01b0\u01a1ng ma\u0323i:\u00a0<a href=\"https:\/\/lienkenam32.com\/\"><strong>Li\u1ec1n k\u1ec1 Nam 32<\/strong><\/a><\/div>\n<div>V\u1ecb tr\u00ed : Qu\u1ed1c l\u1ed9 32, th\u1ecb tr\u1ea5n Tr\u1ea1m Tr\u00f4i, x\u00e3 \u0110\u1ee9c Giang, x\u00e3 \u0110\u1ee9c Th\u01b0\u1ee3ng, huy\u1ec7n Ho\u00e0i \u0110\u1ee9c, TP H\u00e0 N\u1ed9i<\/div>\n<div>Ch\u1ee7 \u0111\u1ea7u t\u01b0 : Lu\u0303ng L\u00f4 5 \u2013 B\u00f4\u0323 Qu\u00f4\u0301c Pho\u0300ng<\/div>\n<div>Thi c\u00f4ng : C\u00f4ng ty c\u1ed5 ph\u00e2\u0300n x\u00e2y d\u1ef1ng s\u1ed1 3 Vinaconex 3.<\/div>\n<div>Thi\u1ebft k\u1ebf : C\u00f4ng ty TNHH MTV AG INGO Design Studio Vi\u1ec7t Nam.<\/div>\n<div>T\u1ed5ng di\u1ec7n t\u00edch \u0111\u1ea5t: 47ha<\/div>\n<div>T\u1ed5ng s\u1ed1 c\u0103n h\u1ed9: 1746 c\u0103n h\u00f4\u0323.<\/div>\n<div>T\u1ed5ng m\u1ee9c \u0111\u1ea7u t\u01b0 giai \u0111o\u1ea1n 1 l\u00e0 1.700 t\u1ef7 \u0111\u1ed3ng<\/div>\n<div>V\u1edbi quy m\u00f4 d\u00e2n c\u01b0 kho\u1ea3ng 12.000 ng\u01b0\u1eddi \u0111i v\u00e0o ho\u1ea1t \u0111\u1ed9ng.<\/div>\n<div>B\u00e0n giao nh\u00e0: Qu\u00fd IV\/2018<\/div>\n<p>&nbsp;<\/p>\n<p>&nbsp;<\/p>\n<p>&nbsp;<\/p>\n<p>&nbsp;<\/p>\n","protected":false},"excerpt":{"rendered":"<p>LI\u1ec0N K\u1ec0 NAM 32 \u2013 KHU \u0110\u00d4 TH\u1eca CHU\u1ea8N M\u1ef0C PH\u00cdA T\u00c2Y H\u00c0 N\u1ed8I Li\u1ec1n k\u1ec1 Nam 32\u00a0\u2013 Khu \u0111\u00f4 th\u1ecb cao c\u1ea5p t\u1ecda la\u0323c ngay ta\u0323i Trung t\u00e2m th\u1ecb tr\u1ea5n Tr\u1ea1m Tr\u00f4i, huy\u1ec7n Ho\u00e0i \u0110\u1ee9c, H\u00e0 N\u1ed9i. N\u1eb1m tr\u00ean tuy\u1ebfn \u0111\u01b0\u1eddng huy\u1ebft m\u1ea1ch T\u00e2y Th\u0103ng Long n\u1ed1i th\u1ee7 \u0111\u00f4 v\u1edbi \u0111\u00f4 th\u1ecb v\u1ec7 tinh&#8230;<\/p>\n","protected":false},"featured_media":420,"comment_status":"open","ping_status":"closed","template":"","meta":[],"product_cat":[24],"product_tag":[],"class_list":["post-416","product","type-product","status-publish","has-post-thumbnail","hentry","product_cat-can-ho-biet-thu"],"_links":{"self":[{"href":"https:\/\/mauweb.tamnguyen.vn\/bds18\/wp-json\/wp\/v2\/product\/416"}],"collection":[{"href":"https:\/\/mauweb.tamnguyen.vn\/bds18\/wp-json\/wp\/v2\/product"}],"about":[{"href":"https:\/\/mauweb.tamnguyen.vn\/bds18\/wp-json\/wp\/v2\/types\/product"}],"replies":[{"embeddable":true,"href":"https:\/\/mauweb.tamnguyen.vn\/bds18\/wp-json\/wp\/v2\/comments?post=416"}],"wp:featuredmedia":[{"embeddable":true,"href":"https:\/\/mauweb.tamnguyen.vn\/bds18\/wp-json\/wp\/v2\/media\/420"}],"wp:attachment":[{"href":"https:\/\/mauweb.tamnguyen.vn\/bds18\/wp-json\/wp\/v2\/media?parent=416"}],"wp:term":[{"taxonomy":"product_cat","embeddable":true,"href":"https:\/\/mauweb.tamnguyen.vn\/bds18\/wp-json\/wp\/v2\/product_cat?post=416"},{"taxonomy":"product_tag","embeddable":true,"href":"https:\/\/mauweb.tamnguyen.vn\/bds18\/wp-json\/wp\/v2\/product_tag?post=416"}],"curies":[{"name":"wp","href":"https:\/\/api.w.org\/{rel}","templated":true}]}}