{"id":408,"date":"2020-02-18T01:59:00","date_gmt":"2020-02-18T01:59:00","guid":{"rendered":"http:\/\/bds18.maugiaodien.com\/?post_type=product&#038;p=408"},"modified":"2020-03-04T07:42:08","modified_gmt":"2020-03-04T07:42:08","slug":"du-an-duong-kinh-new-city","status":"publish","type":"product","link":"https:\/\/mauweb.tamnguyen.vn\/bds18\/du-an-duong-kinh-new-city\/","title":{"rendered":"D\u1ef1 \u00e1n D\u01b0\u01a1ng Kinh New City"},"content":{"rendered":"<div id=\"row-1787133793\" class=\"row\">\n<div class=\"col small-12 large-12\">\n<div class=\"col-inner text-center \">\n<h2>\u00a0KHU \u0110\u00d4 TH\u1eca D\u01af\u01a0NG KINH NEW CITY<\/h2>\n<p><b>D\u1ef1 \u00e1n D\u01b0\u01a1ng Kinh New City<\/b>\u00a0n\u1eb1m trong t\u1ed5 h\u1ee3p d\u1ef1 \u00e1n\u00a0<strong>Khu \u0110\u00f4 Th\u1ecb Anh D\u0169ng<\/strong>\u00a0\u0111\u01b0\u1ee3c ch\u1ee7 \u0111\u1ea7u t\u01b0 thi\u1ebft k\u1ebf v\u00e0 s\u00e1ng t\u1ea1o l\u00ean v\u1edbi to\u00e0n b\u1ed9 t\u00e2m huy\u1ebft v\u00e0 s\u1ee9c l\u1ef1c c\u1ee7a m\u00ecnh nh\u1eb1m t\u1ea1o n\u00ean m\u1ed9t khi \u0111\u00f4 th\u1ecb \u0111\u1eb3ng c\u1ea5p v\u00e0 r\u1ed9ng m\u1edf \u0111\u1ea7u ti\u00ean t\u1ea1i H\u1ea3i Ph\u00f2ng n\u00f3i ri\u00eang v\u00e0 t\u1ea1i Vi\u1ec7t Nam n\u00f3i chung.<\/p>\n<\/div>\n<\/div>\n<\/div>\n<div id=\"row-1310398222\" class=\"row row2\">\n<div class=\"col cot1 medium-5 small-12 large-5\">\n<div class=\"col-inner \">\n<ul>\n<li><strong>Ch\u1ee7 \u0111\u1ea7u t\u01b0:<\/strong>\u00a0C\u00f4ng ty c\u1ed5 ph\u1ea7n kinh doanh ph\u00e1t tri\u1ec3n nh\u00e0 v\u00e0 \u0111\u00f4 th\u1ecb H\u00e0 N\u1ed9i (Hanhud)<\/li>\n<li><strong>T\u1ed5ng Di\u1ec7n T\u00edch:<\/strong>\u00a021.237,80m2<\/li>\n<li><strong>T\u00ean th\u01b0\u01a1ng m\u1ea1i:<\/strong>\u00a0D\u01b0\u01a1ng Kinh New City<\/li>\n<li><strong>H\u00ecnh th\u1ee9c:<\/strong>\u00a0\u0110\u1ea5t n\u1ec1n ph\u00e2n l\u00f4<\/li>\n<li><strong>\u0110\u1ecba \u0111i\u1ec3m x\u00e2y d\u1ef1ng:<\/strong>\u00a0Ph\u01b0\u1eddng Anh D\u0169ng, qu\u1eadn D\u01b0\u01a1ng Kinh, th\u00e0nh ph\u1ed1 H\u1ea3i Ph\u00f2ng (M\u1eb7t \u0111\u01b0\u1eddng M\u1ea1c \u0110\u0103ng Doanh quy ho\u1ea1ch 54m)<\/li>\n<li><strong>Lo\u1ea1i h\u00ecnh s\u1ea3n ph\u1ea9m:<\/strong>\u00a0\u0111\u1ea5t \u1edf nh\u00e0 li\u1ec1n k\u1ec1, bi\u1ec7t th\u1ef1, \u0111\u00e3 \u0111\u1ee7 \u0111i\u1ec1u ki\u1ec7n ph\u00e1p l\u00fd, h\u1ea1 t\u1ea7ng \u0111\u01b0a v\u00e0o kinh doanh.<\/li>\n<li><strong>V\u1ecb tr\u00ed:<\/strong>\u00a0Khu Nh\u00e0 \u1edf Anh D\u0169ng 6 \u2013 D\u01b0\u01a1ng Kinh \u2013 H\u1ea3i Ph\u00f2ng<\/li>\n<li><strong>Ti\u1ebfn \u0111\u1ed9 d\u1ef1 \u00e1n:<\/strong>\u00a0H\u1ea1 t\u1ea7ng \u0111\u00e3 ho\u00e0n thi\u1ec7n c\u01a1 b\u1ea3n 100%.<\/li>\n<li><strong>Ph\u00e1p l\u00fd:<\/strong>\u00a0s\u1ed5 \u0111\u1ecf t\u1eebng c\u0103n, x\u00e2y d\u1ef1ng theo quy ho\u1ea1ch<\/li>\n<li><strong>Chia l\u00e0m 3 lo\u1ea1i h\u00ecnh<\/strong><\/li>\n<li><strong>Lo\u1ea1i 1:<\/strong>\u00a0Li\u1ec1n K\u1ec1 \u201d 105m2 \u0111\u1ebfn 260m2<\/li>\n<li><strong>Lo\u1ea1i 2:<\/strong>\u00a0Li\u1ec1n K\u1ec1 \u201d 105m2 \u2013 112,5m2 \u2013 144m2 \u2013 150m<\/li>\n<\/ul>\n<\/div>\n<\/div>\n<\/div>\n","protected":false},"excerpt":{"rendered":"<p>\u00a0KHU \u0110\u00d4 TH\u1eca D\u01af\u01a0NG KINH NEW CITY D\u1ef1 \u00e1n D\u01b0\u01a1ng Kinh New City\u00a0n\u1eb1m trong t\u1ed5 h\u1ee3p d\u1ef1 \u00e1n\u00a0Khu \u0110\u00f4 Th\u1ecb Anh D\u0169ng\u00a0\u0111\u01b0\u1ee3c ch\u1ee7 \u0111\u1ea7u t\u01b0 thi\u1ebft k\u1ebf v\u00e0 s\u00e1ng t\u1ea1o l\u00ean v\u1edbi to\u00e0n b\u1ed9 t\u00e2m huy\u1ebft v\u00e0 s\u1ee9c l\u1ef1c c\u1ee7a m\u00ecnh nh\u1eb1m t\u1ea1o n\u00ean m\u1ed9t khi \u0111\u00f4 th\u1ecb \u0111\u1eb3ng c\u1ea5p v\u00e0 r\u1ed9ng m\u1edf \u0111\u1ea7u ti\u00ean&#8230;<\/p>\n","protected":false},"featured_media":412,"comment_status":"open","ping_status":"closed","template":"","meta":[],"product_cat":[24],"product_tag":[],"class_list":["post-408","product","type-product","status-publish","has-post-thumbnail","hentry","product_cat-can-ho-biet-thu"],"_links":{"self":[{"href":"https:\/\/mauweb.tamnguyen.vn\/bds18\/wp-json\/wp\/v2\/product\/408"}],"collection":[{"href":"https:\/\/mauweb.tamnguyen.vn\/bds18\/wp-json\/wp\/v2\/product"}],"about":[{"href":"https:\/\/mauweb.tamnguyen.vn\/bds18\/wp-json\/wp\/v2\/types\/product"}],"replies":[{"embeddable":true,"href":"https:\/\/mauweb.tamnguyen.vn\/bds18\/wp-json\/wp\/v2\/comments?post=408"}],"wp:featuredmedia":[{"embeddable":true,"href":"https:\/\/mauweb.tamnguyen.vn\/bds18\/wp-json\/wp\/v2\/media\/412"}],"wp:attachment":[{"href":"https:\/\/mauweb.tamnguyen.vn\/bds18\/wp-json\/wp\/v2\/media?parent=408"}],"wp:term":[{"taxonomy":"product_cat","embeddable":true,"href":"https:\/\/mauweb.tamnguyen.vn\/bds18\/wp-json\/wp\/v2\/product_cat?post=408"},{"taxonomy":"product_tag","embeddable":true,"href":"https:\/\/mauweb.tamnguyen.vn\/bds18\/wp-json\/wp\/v2\/product_tag?post=408"}],"curies":[{"name":"wp","href":"https:\/\/api.w.org\/{rel}","templated":true}]}}