{"id":399,"date":"2020-02-18T01:45:01","date_gmt":"2020-02-18T01:45:01","guid":{"rendered":"http:\/\/bds18.maugiaodien.com\/?post_type=product&#038;p=399"},"modified":"2020-02-18T01:45:03","modified_gmt":"2020-02-18T01:45:03","slug":"biet-thu-thephoenix-garden","status":"publish","type":"product","link":"https:\/\/mauweb.tamnguyen.vn\/bds18\/biet-thu-thephoenix-garden\/","title":{"rendered":"Bi\u1ec7t th\u1ef1 Thephoenix Garden"},"content":{"rendered":"<h3><strong>S\u1ede H\u1eeeU NGAY BI\u1ec6T TH\u1ef0 \u0110\u1eb2NG C\u1ea4P C\u1ea0NH \u0110\u01af\u1edcNG T\u00c2Y TH\u0102NG LONG \u2013 VINHOME \u0110AN PH\u01af\u1ee2NG<\/strong><\/h3>\n<h5>THE PHOENIX GARDEN \u2013 KHU \u0110\u00d4 TH\u1eca \u201c3 NH\u1ea4T\u201d PH\u00cdA T\u00c2Y H\u00c0 N\u1ed8I<\/h5>\n<h5><strong>\u0110\u1ea6U T\u01af SINH L\u1edcI T\u1ed0T NH\u1ea4T<\/strong><\/h5>\n<ul>\n<li>T\u0103ng gi\u00e1 tr\u1ecb B\u1ea5t \u0111\u1ed9ng s\u1ea3n<\/li>\n<li>Khai th\u00e1c cho thu\u00ea (D\u1ecbch v\u1ee5 ngh\u1ec9 d\u01b0\u1ee1ng\/ Villas stay)<\/li>\n<li>N\u0103m 2025 \u2013 \u0110an Ph\u01b0\u1ee3ng l\u00ean Qu\u1eadn<\/li>\n<\/ul>\n<h5><strong>V\u1eca TR\u00cd \u0110\u1eaeC \u0110\u1ecaA NH\u1ea4T<\/strong><\/h5>\n<ul>\n<li>N\u1eb1m ng\u00e0y m\u1eb7t \u0111\u01b0\u1eddng T\u00e2y Th\u0103ng Long 60M (\u0111ang tri\u1ec3n khai l\u00e0m ch\u1ec9 c\u00f2n c\u00e1ch d\u1ef1 \u00e1n 2.5km)<\/li>\n<li>C\u00e1ch Vinhomes \u0110an Ph\u01b0\u1ee3ng 1,5km<\/li>\n<li>Giao thoa 04 tr\u1ee5c \u0111\u01b0\u1eddng l\u1edbn: Qu\u1ed1c l\u1ed9 32 \u2013 V\u00e0nh \u0111ai 4 \u2013 T\u00e2y Th\u0103ng Long \u2013 Ho\u00e0ng Qu\u1ed1c Vi\u1ec7t k\u00e9o d\u00e0i<\/li>\n<\/ul>\n<h5><strong>KH\u00d4NG GIAN S\u1ed0NG XANH NH\u1ea4T<\/strong><\/h5>\n<ul>\n<li>1000 C\u00e2y th\u00f4ng 10 n\u0103m tu\u1ed5i<\/li>\n<li>M\u1eadt \u0111\u1ed9 x\u00e2y d\u1ef1ng ch\u1ec9 35%<\/li>\n<li>H\u1ed3 \u0111i\u1ec1u h\u00f2a 2ha<\/li>\n<li>C\u1ea3nh quan ho\u00e0n thi\u1ec7n g\u1ea7n nh\u01b0 100% v\u00e0 li\u00ean t\u1ee5c \u0111\u01b0\u1ee3c \u0111\u1ea7u t\u01b0<\/li>\n<li>\u0110\u01b0\u1ee3c m\u1ec7nh danh \u201c\u0110\u00e0 L\u1ea1t gi\u1eefa l\u00f2ng H\u00e0 N\u1ed9i\u201d<\/li>\n<\/ul>\n<div id=\"image_2005548657\" class=\"img has-hover x md-x lg-x y md-y lg-y\">\n<div class=\"img-inner dark\"><img loading=\"lazy\" decoding=\"async\" class=\"attachment-original size-original\" src=\"http:\/\/bds18.maugiaodien.com\/wp-content\/uploads\/2020\/02\/biet-thu-thephoenix-garden-399.jpg\" sizes=\"(max-width: 1536px) 100vw, 1536px\" srcset=\"http:\/\/bds18.maugiaodien.com\/wp-content\/uploads\/2020\/02\/biet-thu-thephoenix-garden-399.jpg 1536w, https:\/\/bietthuthephoenixgarden.net\/wp-content\/uploads\/2020\/01\/333-1-300x169.jpg 300w, https:\/\/bietthuthephoenixgarden.net\/wp-content\/uploads\/2020\/01\/333-1-768x432.jpg 768w, https:\/\/bietthuthephoenixgarden.net\/wp-content\/uploads\/2020\/01\/333-1-1024x576.jpg 1024w\" alt=\"\" width=\"1536\" height=\"864\" \/><\/div>\n<\/div>\n<h4><strong>BI\u1ec6T TH\u1ef0 THE PHOENIX GARDEN \u2013 V\u1eca TR\u00cd TRI\u1ec6U \u0110\u00d4:<\/strong><\/h4>\n<p>\u25b6\ufe0f V\u1ecb tr\u00ed: Th\u1ecb tr\u1ea5n Ph\u00f9ng, \u0110an Ph\u01b0\u1ee3ng. C\u00e1ch M\u1ef9 \u0110\u00ecnh 10km<\/p>\n<p>\u25b6\ufe0fM\u1eb7t \u0111\u01b0\u1eddng T\u00e2y Th\u0103ng Long, V\u00e0nh \u0111ai 4.<\/p>\n<p>\u25b6\ufe0f\u0110an Ph\u01b0\u1ee3ng l\u00ean Qu\u1eadn n\u0103m 2020.<\/p>\n<p>\u25b6\ufe0fQuy m\u00f4 46ha, h\u1ea1 t\u1ea7ng xong 100%, \u0111\u00e3 c\u00f3 s\u1ed5 \u0111\u1ecf.<\/p>\n<p>\u25b6\ufe0fNgay c\u1ea1nh Vinhomes Wonder Park \u0110an Ph\u01b0\u1ee3ng.<\/p>\n<p>\u25b6\ufe0fGi\u00e1 c\u1ef1c k\u1ef3 h\u1ee3p l\u00fd\u00a0<strong>ch\u1ec9 26 tri\u1ec7u\/m2<\/strong>. Di\u1ec7n t\u00edch 200m2.<\/p>\n<p>\u25b6\ufe0f Thi\u1ebft k\u1ebf 3,5 t\u1ea7ng \u2013 X\u00e2y th\u00f4 ho\u00e0n thi\u1ec7n m\u1eb7t ngo\u00e0i. M\u1eadt \u0111\u1ed9 ch\u1ec9 50%.<\/p>\n<p>&nbsp;<\/p>\n<p>&nbsp;<\/p>\n","protected":false},"excerpt":{"rendered":"<p>S\u1ede H\u1eeeU NGAY BI\u1ec6T TH\u1ef0 \u0110\u1eb2NG C\u1ea4P C\u1ea0NH \u0110\u01af\u1edcNG T\u00c2Y TH\u0102NG LONG \u2013 VINHOME \u0110AN PH\u01af\u1ee2NG THE PHOENIX GARDEN \u2013 KHU \u0110\u00d4 TH\u1eca \u201c3 NH\u1ea4T\u201d PH\u00cdA T\u00c2Y H\u00c0 N\u1ed8I \u0110\u1ea6U T\u01af SINH L\u1edcI T\u1ed0T NH\u1ea4T T\u0103ng gi\u00e1 tr\u1ecb B\u1ea5t \u0111\u1ed9ng s\u1ea3n Khai th\u00e1c cho thu\u00ea (D\u1ecbch v\u1ee5 ngh\u1ec9 d\u01b0\u1ee1ng\/ Villas stay) N\u0103m 2025 \u2013 \u0110an&#8230;<\/p>\n","protected":false},"featured_media":389,"comment_status":"open","ping_status":"closed","template":"","meta":[],"product_cat":[24],"product_tag":[],"class_list":["post-399","product","type-product","status-publish","has-post-thumbnail","hentry","product_cat-can-ho-biet-thu"],"_links":{"self":[{"href":"https:\/\/mauweb.tamnguyen.vn\/bds18\/wp-json\/wp\/v2\/product\/399"}],"collection":[{"href":"https:\/\/mauweb.tamnguyen.vn\/bds18\/wp-json\/wp\/v2\/product"}],"about":[{"href":"https:\/\/mauweb.tamnguyen.vn\/bds18\/wp-json\/wp\/v2\/types\/product"}],"replies":[{"embeddable":true,"href":"https:\/\/mauweb.tamnguyen.vn\/bds18\/wp-json\/wp\/v2\/comments?post=399"}],"wp:featuredmedia":[{"embeddable":true,"href":"https:\/\/mauweb.tamnguyen.vn\/bds18\/wp-json\/wp\/v2\/media\/389"}],"wp:attachment":[{"href":"https:\/\/mauweb.tamnguyen.vn\/bds18\/wp-json\/wp\/v2\/media?parent=399"}],"wp:term":[{"taxonomy":"product_cat","embeddable":true,"href":"https:\/\/mauweb.tamnguyen.vn\/bds18\/wp-json\/wp\/v2\/product_cat?post=399"},{"taxonomy":"product_tag","embeddable":true,"href":"https:\/\/mauweb.tamnguyen.vn\/bds18\/wp-json\/wp\/v2\/product_tag?post=399"}],"curies":[{"name":"wp","href":"https:\/\/api.w.org\/{rel}","templated":true}]}}