{"id":166,"date":"2019-03-16T09:02:01","date_gmt":"2019-03-16T09:02:01","guid":{"rendered":"http:\/\/bds18.maugiaodien.com\/?post_type=product&#038;p=166"},"modified":"2019-03-16T09:02:33","modified_gmt":"2019-03-16T09:02:33","slug":"chung-cu-stellar-garden","status":"publish","type":"product","link":"https:\/\/mauweb.tamnguyen.vn\/bds18\/chung-cu-stellar-garden\/","title":{"rendered":"Chung c\u01b0 Stellar Garden"},"content":{"rendered":"<p><em><strong>Chung c\u01b0 Hateco Apollo\u00a0Xu\u00e2n Ph\u01b0\u01a1ng<\/strong><\/em>\u00a0ti\u1ebfp n\u1ed1i th\u00e0nh c\u00f4ng t\u1eeb d\u1ef1 \u00e1n Hateco Ho\u00e0ng Mai, \u0111\u01b0\u1ee3c ch\u1ee7 \u0111\u1ea7u t\u01b0 HATECO cho ra m\u1eaft th\u1ecb tr\u01b0\u1eddng b\u1ea5t \u0111\u1ed9ng s\u1ea3n trong n\u0103m 2017. Cung c\u1ea5p 1300 c\u0103n h\u1ed9 chung c\u01b0 cao c\u1ea5p , 120 c\u0103n li\u1ec1n k\u1ec1, bi\u1ec7t th\u1ef1, shophouse c\u00f9ng nhi\u1ec1u ti\u1ec7n \u00edch \u0111\u1eb3ng c\u1ea5p . D\u1ef1 \u00e1n thu h\u00fat \u0111\u01b0\u1ee3c s\u1ef1 quan t\u00e2m l\u1edbn c\u1ee7a kh\u00e1ch h\u00e0ng v\u00e0 nh\u00e0 \u0111\u1ea7u t\u01b0 b\u1ea5t \u0111\u1ed9ng s\u1ea3n.<\/p>\n<ul class=\"detail_related\">\n<li><strong>T\u00ean d\u1ef1 \u00e1n:<\/strong>\u00a0<em><strong>Hateco Apollo\u00a0Xu\u00e2n Ph\u01b0\u01a1ng<\/strong><\/em><\/li>\n<li><strong>V\u1ecb tr\u00ed:<\/strong>\u00a0Tr\u00ean \u0111\u01b0\u1eddng 70, g\u1ea7n tr\u1ee5c \u0111\u01b0\u1eddng Tr\u1ea7n H\u1eefu D\u1ef1c k\u00e9o d\u00e0i, thu\u1ed9c qu\u1eadn Nam T\u1eeb Li\u00eam, TP. H\u00e0 N\u1ed9i<\/li>\n<li><strong>Ch\u1ee7 \u0111\u1ea7u t\u01b0:<\/strong>\u00a0C\u00f4ng ty CP \u0111\u1ea7u t\u01b0 h\u1ea1 t\u1ea7ng &amp; c\u00f4ng tr\u00ecnh ki\u1ebfn tr\u00fac H\u00e0 N\u1ed9i (HATECO.JSC)<\/li>\n<li><strong>T\u1ed5ng di\u1ec7n \u00edch:\u00a0<\/strong>34.812m2<\/li>\n<li><strong>T\u1ed5ng v\u1ed1n \u0111\u1ea7u t\u01b0:<\/strong>\u00a03.500 t\u1ef7 Vn\u0111<\/li>\n<li><strong>Quy m\u00f4 d\u1ef1 \u00e1n:<\/strong>\u00a0g\u1ed3m 3 t\u00f2a chung c\u01b0 cao 25 t\u1ea7ng, c\u00f3 2 t\u1ea7ng h\u1ea7m v\u00e0 2 t\u1ea7ng th\u01b0\u01a1ng m\u1ea1i, 120 c\u0103n li\u1ec1n k\u1ec1, bi\u1ec7t th\u1ef1, shophouse v\u00e0 h\u1ed3 \u0111i\u1ec1u h\u00f2a r\u1ed9ng h\u01a1n 3000 m2\u2026<\/li>\n<li><strong>Th\u1eddi gian b\u00e0n giao:\u00a0<\/strong>B\u00e0n giao d\u1ef1 ki\u1ebfn Qu\u00fd IV\/2018 ho\u1eb7c Qu\u00fd\u00a0I\/2019.<\/li>\n<\/ul>\n","protected":false},"excerpt":{"rendered":"<ul>\n<li><span style=\"color: #015ea7;\"><strong>Ch\u1ee7 \u0111\u1ea7u t\u01b0:\u00a0<\/strong><\/span>HATECO.JSC<\/li>\n<li><strong><span style=\"color: #015ea7;\">Di\u1ec7n t\u00edch \u0111\u1ea5t nghi\u00ean c\u1ee9u:<\/span>\u00a0<\/strong>34.812(m2)<\/li>\n<li><span style=\"color: #015ea7;\"><strong>Di\u1ec7n t\u00edch \u0111\u1ea5t x\u00e2y d\u1ef1ng:\u00a0<\/strong><\/span>12.277 (m2)<\/li>\n<li><span style=\"color: #015ea7;\"><strong>M\u1eadt \u0111\u1ed9 x\u00e2y d\u1ef1ng:\u00a0<\/strong><\/span>35.3%<\/li>\n<li><strong><span style=\"color: #015ea7;\">Lo\u1ea1i h\u00ecnh ph\u00e1t tri\u1ec3n:<\/span>\u00a0<\/strong>\u0110ang c\u1eadp nh\u1eadt<\/li>\n<li><strong><span style=\"color: #015ea7;\">Quy m\u00f4 d\u1ef1 \u00e1n:<\/span>\u00a0<\/strong>Bao g\u1ed3m 03 t\u00f2a chung c\u01b0 cao 25 t\u1ea7ng, 83 c\u0103n bi\u1ec7t th\u1ef1 v\u00e0 li\u00ean k\u1ebf, c\u00f4ng tr\u00ecnh c\u00f4ng c\u1ed9ng d\u1ecbch v\u1ee5 cao 2 t\u1ea7ng<\/li>\n<li><span style=\"color: #015ea7;\"><strong>Ph\u00e2n khu ch\u1ee9c n\u0103ng:\u00a0<\/strong><\/span>\u0110ang c\u1eadp nh\u1eadt<\/li>\n<li><span style=\"color: #015ea7;\"><strong>T\u01b0 v\u1ea5n thi\u1ebft k\u1ebf:\u00a0<\/strong><\/span>C\u00f4ng ty TNHH T\u01b0 v\u1ea5n \u0110\u1ea1i h\u1ecdc X\u00e2y d\u1ef1ng ( CCU ) &amp; C\u00f4ng ty CP t\u01b0 v\u1ea5n k\u1ebft c\u1ea5u nh\u00e0 cao t\u1ea7ng (HBS)<\/li>\n<li><span style=\"color: #015ea7;\"><strong>Qu\u1ea3n l\u00fd d\u1ef1 \u00e1n &amp; t\u01b0 v\u1ea5n gi\u00e1m s\u00e1t:\u00a0<\/strong><\/span>C\u00f4ng ty CP TEXO t\u01b0 v\u1ea5n v\u00e0 \u0111\u1ea7u t\u01b0 ( TEXO)<\/li>\n<\/ul>\n","protected":false},"featured_media":167,"comment_status":"open","ping_status":"closed","template":"","meta":[],"product_cat":[24],"product_tag":[],"class_list":["post-166","product","type-product","status-publish","has-post-thumbnail","hentry","product_cat-can-ho-biet-thu"],"_links":{"self":[{"href":"https:\/\/mauweb.tamnguyen.vn\/bds18\/wp-json\/wp\/v2\/product\/166"}],"collection":[{"href":"https:\/\/mauweb.tamnguyen.vn\/bds18\/wp-json\/wp\/v2\/product"}],"about":[{"href":"https:\/\/mauweb.tamnguyen.vn\/bds18\/wp-json\/wp\/v2\/types\/product"}],"replies":[{"embeddable":true,"href":"https:\/\/mauweb.tamnguyen.vn\/bds18\/wp-json\/wp\/v2\/comments?post=166"}],"wp:featuredmedia":[{"embeddable":true,"href":"https:\/\/mauweb.tamnguyen.vn\/bds18\/wp-json\/wp\/v2\/media\/167"}],"wp:attachment":[{"href":"https:\/\/mauweb.tamnguyen.vn\/bds18\/wp-json\/wp\/v2\/media?parent=166"}],"wp:term":[{"taxonomy":"product_cat","embeddable":true,"href":"https:\/\/mauweb.tamnguyen.vn\/bds18\/wp-json\/wp\/v2\/product_cat?post=166"},{"taxonomy":"product_tag","embeddable":true,"href":"https:\/\/mauweb.tamnguyen.vn\/bds18\/wp-json\/wp\/v2\/product_tag?post=166"}],"curies":[{"name":"wp","href":"https:\/\/api.w.org\/{rel}","templated":true}]}}