{"id":233,"date":"2019-03-16T11:11:40","date_gmt":"2019-03-16T11:11:40","guid":{"rendered":"http:\/\/bds18.maugiaodien.com\/?page_id=233"},"modified":"2019-03-16T11:12:43","modified_gmt":"2019-03-16T11:12:43","slug":"gioi-thieu","status":"publish","type":"page","link":"https:\/\/mauweb.tamnguyen.vn\/bds18\/gioi-thieu\/","title":{"rendered":"Gi\u1edbi thi\u1ec7u"},"content":{"rendered":"\t<section class=\"section\" id=\"section_131459245\">\n\t\t<div class=\"bg section-bg fill bg-fill  bg-loaded\" >\n\n\t\t\t\n\t\t\t\n\t\t\t\n\n\t\t<\/div>\n\n\t\t<div class=\"section-content relative\">\n\t\t\t\n<div class=\"row\"  id=\"row-1003038721\">\n\n\t<div id=\"col-9131994\" class=\"col small-12 large-12\"  >\n\t\t\t\t<div class=\"col-inner\"  >\n\t\t\t\n\t\t\t\n<div class=\"tittle-home\">\n<h3>GI\u1eda THI\u1ec6U V\u1ec0 CH\u00daNG T\u00d4I<\/p>\n<\/h3>\n<h3><\/h3>\n<\/div>\n<p>V\u1edbi \u0111\u1ecbnh h\u01b0\u1edbng \u0111a ng\u00e0nh ngh\u1ec1, \u0111a s\u1edf h\u1eefu v\u00e0 h\u1ed9i nh\u1eadp qu\u1ed1c t\u1ebf. \u0110\u1ea5t Xanh Mi\u1ec1n B\u1eafc ch\u1ee7 \u0111\u1ed9ng li\u00ean k\u1ebft, h\u1ee3p t\u00e1c v\u1edbi c\u00e1c Ch\u1ee7 \u0111\u1ea7u t\u01b0 uy t\u00edn, c\u00e1c t\u1ed5 ch\u1ee9c T\u00e0i ch\u00ednh &#8211; Ng\u00e2n h\u00e0ng, C\u00f4ng ngh\u1ec7&#8230;nh\u1eb1m t\u1ed1i \u01b0u l\u1ee3i th\u1ebf c\u1ea1nh tranh tr\u00ean th\u1ecb tr\u01b0\u1eddng v\u00e0 h\u01b0\u1edbng \u0111\u1ebfn ti\u1ebfp c\u1eadn th\u1ecb tr\u01b0\u1eddng b\u1ea5t \u0111\u1ed9ng s\u1ea3n th\u1ebf gi\u1edbi.<\/p>\n<p>\u0110\u1ea5t Xanh Mi\u1ec1n B\u1eafc gi\u1edbi thi\u1ec7u \u0111\u1ebfn kh\u00e1ch h\u00e0ng nh\u1eefng d\u1ef1 \u00e1n c\u00f3 \u0111\u1ea7y \u0111\u1ee7 ph\u00e1p l\u00fd, c\u00f3 h\u1ea1 t\u1ea7ng giao th\u00f4ng &#8211; ti\u1ec7n \u00edch ch\u1ea5t l\u01b0\u1ee3ng cao, \u0111\u1ed3ng b\u1ed9. Ch\u00fang t\u00f4i c\u00f3 nh\u1eefng chuy\u00ean gia v\u00e0 c\u00e1c t\u01b0 v\u1ea5n vi\u00ean b\u1ea5t \u0111\u1ed9ng s\u1ea3n chuy\u00ean nghi\u1ec7p tr\u00ean 18 t\u1ec9nh &#8211; th\u00e0nh ph\u1ed1, cung c\u1ea5p V\u00f2ng D\u1ecbch v\u1ee5 kh\u00e9p k\u00edn bao g\u1ed3m nghi\u00ean c\u1ee9u th\u1ecb tr\u01b0\u1eddng, l\u1eadp k\u1ebf ho\u1ea1ch qu\u1ea3n l\u00fd d\u1ef1 \u00e1n, \u0111\u1ecbnh gi\u00e1, t\u01b0 v\u1ea5n b\u00e1n h\u00e0ng v\u00e0 marketing, t\u01b0 v\u1ea5n t\u00e0i ch\u00ednh, thi\u1ebft k\u1ebf n\u1ed9i th\u1ea5t, th\u1ee7 t\u1ee5c ph\u00e1p l\u00fd&#8230;<\/p>\n<p>Uy t\u00edn v\u00e0 ch\u1ea5t l\u01b0\u1ee3ng d\u1ecbch v\u1ee5 c\u1ee7a \u0110\u1ea5t Xanh Mi\u1ec1n B\u1eafc \u0111\u01b0\u1ee3c minh ch\u1ee9ng qua s\u1ed1 l\u01b0\u1ee3ng v\u00e0 quy m\u00f4 c\u1ee7a c\u00e1c \u0111\u1ed1i t\u00e1c c\u1ee7a ch\u00fang t\u00f4i. \u0110\u00f3 l\u00e0 c\u00e1c t\u1ed5 ch\u1ee9c \u0111\u1ea7u t\u01b0, ng\u00e2n h\u00e0ng, t\u00e0i ch\u00ednh, thi\u1ebft k\u1ebf, x\u00e2y d\u1ef1ng tr\u00ean to\u00e0n qu\u1ed1c v\u00e0 trong khu v\u1ef1c. M\u1ea1ng l\u01b0\u1edbi r\u1ed9ng kh\u1eafp v\u00e0 b\u1ec1n v\u1eefng c\u1ee7a ch\u00fang t\u00f4i t\u1ea1o n\u00ean n\u1ec1n t\u1ea3ng ph\u00e1t tri\u1ec3n, \u0111em \u0111\u1ebfn kh\u00e1ch nh\u1eefng d\u1ef1 \u00e1n ch\u1ea5t l\u01b0\u1ee3ng cao nh\u1ea5t \u0111\u1ec3 an c\u01b0, l\u1ea1c nghi\u1ec7p v\u00e0 \u0111\u1ea7u t\u01b0 sinh l\u1eddi.<\/p>\n<div class=\"dx_about_solution\">\n<div class=\"dx_about_solution_content\">\n<div class=\"dx_about_journey_img\"><img decoding=\"async\" class=\"aligncenter\" src=\"http:\/\/bds18.maugiaodien.com\/wp-content\/uploads\/2019\/03\/gioi-thieu-233.jpg\" \/>Tr\u1ea3i qua 8 n\u0103m h\u00ecnh th\u00e0nh v\u00e0 ph\u00e1t tri\u1ec3n, \u0110\u1ea5t Xanh Mi\u1ec1n B\u1eafc lu\u00f4n ki\u00ean t\u00e2m theo \u0111u\u1ed5i nh\u1eefng gi\u00e1 tr\u1ecb b\u1ec1n v\u1eefng, h\u1ebft l\u00f2ng v\u00ec kh\u00e1ch h\u00e0ng, tr\u1edf th\u00e0nh \u0111\u1ed1i t\u00e1c tin c\u1eady, th\u00e0nh vi\u00ean t\u00edch c\u1ef1c trong t\u1ed5 ch\u1ee9c v\u00e0 ch\u1ee7 \u0111\u1ed9ng \u0111\u00f3ng g\u00f3p cho x\u00e3 h\u1ed9i.<\/p>\n<\/div>\n<\/div>\n<\/div>\n<div><img decoding=\"async\" src=\"http:\/\/bds18.maugiaodien.com\/wp-content\/uploads\/2019\/03\/gioi-thieu-233-1.jpg\" \/><\/div>\n<p>&nbsp;<\/p>\n\t\t<\/div>\n\t\t\t\t\t<\/div>\n\n\t\n<\/div>\n\t\t<\/div>\n\n\t\t\n<style>\n#section_131459245 {\n  padding-top: 30px;\n  padding-bottom: 30px;\n}\n<\/style>\n\t<\/section>\n\t\n","protected":false},"excerpt":{"rendered":"","protected":false},"author":1,"featured_media":0,"parent":0,"menu_order":0,"comment_status":"closed","ping_status":"closed","template":"page-blank.php","meta":{"footnotes":""},"class_list":["post-233","page","type-page","status-publish","hentry"],"_links":{"self":[{"href":"https:\/\/mauweb.tamnguyen.vn\/bds18\/wp-json\/wp\/v2\/pages\/233"}],"collection":[{"href":"https:\/\/mauweb.tamnguyen.vn\/bds18\/wp-json\/wp\/v2\/pages"}],"about":[{"href":"https:\/\/mauweb.tamnguyen.vn\/bds18\/wp-json\/wp\/v2\/types\/page"}],"author":[{"embeddable":true,"href":"https:\/\/mauweb.tamnguyen.vn\/bds18\/wp-json\/wp\/v2\/users\/1"}],"replies":[{"embeddable":true,"href":"https:\/\/mauweb.tamnguyen.vn\/bds18\/wp-json\/wp\/v2\/comments?post=233"}],"version-history":[{"count":3,"href":"https:\/\/mauweb.tamnguyen.vn\/bds18\/wp-json\/wp\/v2\/pages\/233\/revisions"}],"predecessor-version":[{"id":238,"href":"https:\/\/mauweb.tamnguyen.vn\/bds18\/wp-json\/wp\/v2\/pages\/233\/revisions\/238"}],"wp:attachment":[{"href":"https:\/\/mauweb.tamnguyen.vn\/bds18\/wp-json\/wp\/v2\/media?parent=233"}],"curies":[{"name":"wp","href":"https:\/\/api.w.org\/{rel}","templated":true}]}}